{"id":359,"date":"2017-09-23T03:33:35","date_gmt":"2017-09-23T06:33:35","guid":{"rendered":"http:\/\/conceptinvestimento1.hospedagemdesites.ws\/portugues\/?page_id=359"},"modified":"2022-10-21T15:28:03","modified_gmt":"2022-10-21T18:28:03","slug":"a-concept","status":"publish","type":"page","link":"https:\/\/conceptinvestimentos.com\/portugues\/a-concept\/","title":{"rendered":"A Concept"},"content":{"rendered":"[mk_page_section bg_image=&#8221;https:\/\/conceptinvestimentos.com\/portugues\/wp-content\/uploads\/2017\/09\/about_us.jpg&#8221; attachment=&#8221;fixed&#8221; bg_position=&#8221;center bottom&#8221; bg_stretch=&#8221;true&#8221; video_mask=&#8221;true&#8221; bg_gradient=&#8221;vertical&#8221; video_color_mask=&#8221;#1b2c5a&#8221; gr_end=&#8221;#0078c9&#8243; padding_top=&#8221;100&#8243; padding_bottom=&#8221;100&#8243; section_id=&#8221;cover&#8221; sidebar=&#8221;sidebar-1&#8243;][vc_column][mk_image src=&#8221;https:\/\/conceptinvestimentos.com\/portugues\/wp-content\/uploads\/2017\/09\/icon_white.png&#8221; image_size=&#8221;full&#8221; align=&#8221;center&#8221;][mk_divider style=&#8221;thin_solid&#8221; divider_width=&#8221;one_half&#8221; thin_single_color=&#8221;#0078c9&#8243; thickness=&#8221;2&#8243;][vc_custom_heading text=&#8221;<i>A Concept<\/i>&#8221; font_container=&#8221;tag:div|font_size:45px|text_align:center|color:%23ffffff|line_height:55px&#8221; google_fonts=&#8221;font_family:Crimson%20Text%3Aregular%2Citalic%2C600%2C600italic%2C700%2C700italic|font_style:400%20regular%3A400%3Anormal&#8221;][mk_divider style=&#8221;thin_solid&#8221; divider_width=&#8221;one_half&#8221; thin_single_color=&#8221;#0078c9&#8243; thickness=&#8221;2&#8243;][vc_custom_heading text=&#8221;A Concept Investimentos \u00e9 uma empresa de private equity brasileira focada em auxiliar empreendedores no crescimento de seus neg\u00f3cios. Iniciamos nossa opera\u00e7\u00e3o em 2016 quando adquirimos uma participa\u00e7\u00e3o na Maquira, uma das ind\u00fastrias l\u00edderes na fabrica\u00e7\u00e3o de produtos odontol\u00f3gicos no Brasil.&#8221; font_container=&#8221;tag:div|font_size:26px|text_align:center|color:%23ffffff|line_height:37px&#8221; google_fonts=&#8221;font_family:Oxygen%3A300%2Cregular%2C700|font_style:400%20regular%3A400%3Anormal&#8221;][\/vc_column][\/mk_page_section][mk_page_section padding_top=&#8221;40&#8243; padding_bottom=&#8221;40&#8243; section_id=&#8221;about&#8221; sidebar=&#8221;sidebar-1&#8243;][vc_column][mk_padding_divider size=&#8221;60&#8243;][mk_fancy_title color=&#8221;#5f6a72&#8243; size=&#8221;20&#8243; font_weight=&#8221;500&#8243; font_style=&#8221;normal&#8221; txt_transform=&#8221;capitalize&#8221; letter_spacing=&#8221;3&#8243; margin_bottom=&#8221;0&#8243; font_family=&#8221;none&#8221; align=&#8221;center&#8221;]No que acreditamos[\/mk_fancy_title][mk_divider style=&#8221;thin_solid&#8221; divider_width=&#8221;one_half&#8221; thin_single_color=&#8221;#9a9b9d&#8221;][vc_column_text css=&#8221;.vc_custom_1508092191519{margin-bottom: 0px !important;}&#8221;]\n<p style=\"text-align: center;\">A Concept foi fundada com o objetivo de unir nosso entusiasmo por desenvolver empresas com uma filosofia de investimento e estrutura focada na gera\u00e7\u00e3o de valor de longo prazo. \u00a0Acreditamos que construir empresas l\u00edderes de mercado requer uma grande parceria entre time de investimento, empreendedores e parceiros de capital.<\/p>\n<p style=\"text-align: center;\">Buscamos nos associar a empresas excepcionais onde nosso capital, rede de relacionamento e abordagem colaborativa sejam transformadores e ajudem o empreendedor a criar valor de forma sustent\u00e1vel.<\/p>\n[\/vc_column_text][mk_padding_divider size=&#8221;60&#8243;][mk_fancy_title color=&#8221;#5f6a72&#8243; size=&#8221;20&#8243; font_weight=&#8221;500&#8243; font_style=&#8221;normal&#8221; txt_transform=&#8221;capitalize&#8221; letter_spacing=&#8221;3&#8243; margin_bottom=&#8221;0&#8243; font_family=&#8221;none&#8221; align=&#8221;center&#8221;]Nossos diferenciais[\/mk_fancy_title][mk_divider style=&#8221;thin_solid&#8221; divider_width=&#8221;one_half&#8221; thin_single_color=&#8221;#9a9b9d&#8221;][mk_padding_divider size=&#8221;15&#8243;][mk_fancy_title color=&#8221;#5f6a72&#8243; size=&#8221;16&#8243; font_weight=&#8221;500&#8243; font_style=&#8221;normal&#8221; txt_transform=&#8221;capitalize&#8221; letter_spacing=&#8221;3&#8243; margin_bottom=&#8221;0&#8243; font_family=&#8221;none&#8221; responsive_align=&#8221;left&#8221;]Para Investidores:[\/mk_fancy_title][mk_animated_columns column_height=&#8221;340&#8243; column_number=&#8221;3&#8243; order=&#8221;ASC&#8221; border_color=&#8221;#9a9b9d&#8221; bg_hover_color=&#8221;#9a9b9d&#8221; icon_size=&#8221;48&#8243; icon_color=&#8221;#0078c9&#8243; icon_hover_color=&#8221;#ffffff&#8221; txt_hover_color=&#8221;#ffffff&#8221; visibility=&#8221;hidden-sm&#8221; columns=&#8221;51, 53, 56&#8243;][mk_animated_columns column_height=&#8221;450&#8243; column_number=&#8221;3&#8243; order=&#8221;ASC&#8221; border_color=&#8221;#9a9b9d&#8221; bg_hover_color=&#8221;#9a9b9d&#8221; icon_size=&#8221;48&#8243; icon_color=&#8221;#0078c9&#8243; icon_hover_color=&#8221;#ffffff&#8221; txt_hover_color=&#8221;#ffffff&#8221; visibility=&#8221;visible-sm&#8221; columns=&#8221;51, 53, 56&#8243;][mk_padding_divider size=&#8221;60&#8243;][mk_fancy_title color=&#8221;#5f6a72&#8243; size=&#8221;16&#8243; font_weight=&#8221;500&#8243; font_style=&#8221;normal&#8221; txt_transform=&#8221;capitalize&#8221; letter_spacing=&#8221;3&#8243; margin_bottom=&#8221;0&#8243; font_family=&#8221;none&#8221; responsive_align=&#8221;left&#8221;]Para Empreendedores:[\/mk_fancy_title][mk_animated_columns column_height=&#8221;340&#8243; column_number=&#8221;3&#8243; order=&#8221;ASC&#8221; border_color=&#8221;#9a9b9d&#8221; bg_hover_color=&#8221;#9a9b9d&#8221; icon_size=&#8221;48&#8243; icon_color=&#8221;#0078c9&#8243; icon_hover_color=&#8221;#ffffff&#8221; txt_hover_color=&#8221;#ffffff&#8221; visibility=&#8221;hidden-sm&#8221; columns=&#8221;160, 163, 165&#8243;][mk_animated_columns column_height=&#8221;450&#8243; column_number=&#8221;3&#8243; order=&#8221;ASC&#8221; border_color=&#8221;#9a9b9d&#8221; bg_hover_color=&#8221;#9a9b9d&#8221; icon_size=&#8221;48&#8243; icon_color=&#8221;#0078c9&#8243; icon_hover_color=&#8221;#ffffff&#8221; txt_hover_color=&#8221;#ffffff&#8221; visibility=&#8221;visible-sm&#8221; columns=&#8221;160, 163, 165&#8243;][\/vc_column][\/mk_page_section]\n","protected":false},"excerpt":{"rendered":"<p>[mk_page_section bg_image=&#8221;https:\/\/conceptinvestimentos.com\/portugues\/wp-content\/uploads\/2017\/09\/about_us.jpg&#8221; attachment=&#8221;fixed&#8221; bg_position=&#8221;center bottom&#8221; bg_stretch=&#8221;true&#8221; video_mask=&#8221;true&#8221; bg_gradient=&#8221;vertical&#8221; video_color_mask=&#8221;#1b2c5a&#8221; gr_end=&#8221;#0078c9&#8243; padding_top=&#8221;100&#8243; padding_bottom=&#8221;100&#8243; section_id=&#8221;cover&#8221; sidebar=&#8221;sidebar-1&#8243;][vc_column][mk_image src=&#8221;https:\/\/conceptinvestimentos.com\/portugues\/wp-content\/uploads\/2017\/09\/icon_white.png&#8221; image_size=&#8221;full&#8221; align=&#8221;center&#8221;][mk_divider style=&#8221;thin_solid&#8221; divider_width=&#8221;one_half&#8221; thin_single_color=&#8221;#0078c9&#8243; thickness=&#8221;2&#8243;][vc_custom_heading text=&#8221;A Concept&#8221; font_container=&#8221;tag:div|font_size:45px|text_align:center|color:%23ffffff|line_height:55px&#8221; google_fonts=&#8221;font_family:Crimson%20Text%3Aregular%2Citalic%2C600%2C600italic%2C700%2C700italic|font_style:400%20regular%3A400%3Anormal&#8221;][mk_divider style=&#8221;thin_solid&#8221; divider_width=&#8221;one_half&#8221; thin_single_color=&#8221;#0078c9&#8243; thickness=&#8221;2&#8243;][vc_custom_heading text=&#8221;A Concept Investimentos \u00e9 uma empresa de private equity brasileira focada em auxiliar empreendedores no crescimento de seus neg\u00f3cios. Iniciamos nossa opera\u00e7\u00e3o em 2016 quando adquirimos [&hellip;]<\/p>\n","protected":false},"author":1,"featured_media":0,"parent":0,"menu_order":0,"comment_status":"closed","ping_status":"closed","template":"","meta":[],"yoast_head":"<!-- This site is optimized with the Yoast SEO plugin v19.3 - https:\/\/yoast.com\/wordpress\/plugins\/seo\/ -->\n<title>A Concept - Concept Investimentos<\/title>\n<meta name=\"robots\" content=\"index, follow, max-snippet:-1, max-image-preview:large, max-video-preview:-1\" \/>\n<link rel=\"canonical\" href=\"https:\/\/conceptinvestimentos.com\/portugues\/a-concept\/\" \/>\n<meta property=\"og:locale\" content=\"pt_BR\" \/>\n<meta property=\"og:type\" content=\"article\" \/>\n<meta property=\"og:title\" content=\"A Concept - Concept Investimentos\" \/>\n<meta property=\"og:description\" content=\"[mk_page_section bg_image=&#8221;https:\/\/conceptinvestimentos.com\/portugues\/wp-content\/uploads\/2017\/09\/about_us.jpg&#8221; attachment=&#8221;fixed&#8221; bg_position=&#8221;center bottom&#8221; bg_stretch=&#8221;true&#8221; video_mask=&#8221;true&#8221; bg_gradient=&#8221;vertical&#8221; video_color_mask=&#8221;#1b2c5a&#8221; gr_end=&#8221;#0078c9&#8243; padding_top=&#8221;100&#8243; padding_bottom=&#8221;100&#8243; section_id=&#8221;cover&#8221; sidebar=&#8221;sidebar-1&#8243;][vc_column][mk_image src=&#8221;https:\/\/conceptinvestimentos.com\/portugues\/wp-content\/uploads\/2017\/09\/icon_white.png&#8221; image_size=&#8221;full&#8221; align=&#8221;center&#8221;][mk_divider style=&#8221;thin_solid&#8221; divider_width=&#8221;one_half&#8221; thin_single_color=&#8221;#0078c9&#8243; thickness=&#8221;2&#8243;][vc_custom_heading text=&#8221;A Concept&#8221; font_container=&#8221;tag:div|font_size:45px|text_align:center|color:%23ffffff|line_height:55px&#8221; google_fonts=&#8221;font_family:Crimson%20Text%3Aregular%2Citalic%2C600%2C600italic%2C700%2C700italic|font_style:400%20regular%3A400%3Anormal&#8221;][mk_divider style=&#8221;thin_solid&#8221; divider_width=&#8221;one_half&#8221; thin_single_color=&#8221;#0078c9&#8243; thickness=&#8221;2&#8243;][vc_custom_heading text=&#8221;A Concept Investimentos \u00e9 uma empresa de private equity brasileira focada em auxiliar empreendedores no crescimento de seus neg\u00f3cios. Iniciamos nossa opera\u00e7\u00e3o em 2016 quando adquirimos [&hellip;]\" \/>\n<meta property=\"og:url\" content=\"https:\/\/conceptinvestimentos.com\/portugues\/a-concept\/\" \/>\n<meta property=\"og:site_name\" content=\"Concept Investimentos\" \/>\n<meta property=\"article:modified_time\" content=\"2022-10-21T18:28:03+00:00\" \/>\n<meta name=\"twitter:card\" content=\"summary\" \/>\n<meta name=\"twitter:label1\" content=\"Est. tempo de leitura\" \/>\n\t<meta name=\"twitter:data1\" content=\"2 minutos\" \/>\n<script type=\"application\/ld+json\" class=\"yoast-schema-graph\">{\"@context\":\"https:\/\/schema.org\",\"@graph\":[{\"@type\":\"WebSite\",\"@id\":\"https:\/\/conceptinvestimentos.com\/portugues\/#website\",\"url\":\"https:\/\/conceptinvestimentos.com\/portugues\/\",\"name\":\"Concept Investimentos\",\"description\":\"\",\"potentialAction\":[{\"@type\":\"SearchAction\",\"target\":{\"@type\":\"EntryPoint\",\"urlTemplate\":\"https:\/\/conceptinvestimentos.com\/portugues\/?s={search_term_string}\"},\"query-input\":\"required name=search_term_string\"}],\"inLanguage\":\"pt-BR\"},{\"@type\":\"WebPage\",\"@id\":\"https:\/\/conceptinvestimentos.com\/portugues\/a-concept\/\",\"url\":\"https:\/\/conceptinvestimentos.com\/portugues\/a-concept\/\",\"name\":\"A Concept - Concept Investimentos\",\"isPartOf\":{\"@id\":\"https:\/\/conceptinvestimentos.com\/portugues\/#website\"},\"datePublished\":\"2017-09-23T06:33:35+00:00\",\"dateModified\":\"2022-10-21T18:28:03+00:00\",\"breadcrumb\":{\"@id\":\"https:\/\/conceptinvestimentos.com\/portugues\/a-concept\/#breadcrumb\"},\"inLanguage\":\"pt-BR\",\"potentialAction\":[{\"@type\":\"ReadAction\",\"target\":[\"https:\/\/conceptinvestimentos.com\/portugues\/a-concept\/\"]}]},{\"@type\":\"BreadcrumbList\",\"@id\":\"https:\/\/conceptinvestimentos.com\/portugues\/a-concept\/#breadcrumb\",\"itemListElement\":[{\"@type\":\"ListItem\",\"position\":1,\"name\":\"Home\",\"item\":\"https:\/\/conceptinvestimentos.com\/portugues\/\"},{\"@type\":\"ListItem\",\"position\":2,\"name\":\"A Concept\"}]}]}<\/script>\n<!-- \/ Yoast SEO plugin. -->","yoast_head_json":{"title":"A Concept - Concept Investimentos","robots":{"index":"index","follow":"follow","max-snippet":"max-snippet:-1","max-image-preview":"max-image-preview:large","max-video-preview":"max-video-preview:-1"},"canonical":"https:\/\/conceptinvestimentos.com\/portugues\/a-concept\/","og_locale":"pt_BR","og_type":"article","og_title":"A Concept - Concept Investimentos","og_description":"[mk_page_section bg_image=&#8221;https:\/\/conceptinvestimentos.com\/portugues\/wp-content\/uploads\/2017\/09\/about_us.jpg&#8221; attachment=&#8221;fixed&#8221; bg_position=&#8221;center bottom&#8221; bg_stretch=&#8221;true&#8221; video_mask=&#8221;true&#8221; bg_gradient=&#8221;vertical&#8221; video_color_mask=&#8221;#1b2c5a&#8221; gr_end=&#8221;#0078c9&#8243; padding_top=&#8221;100&#8243; padding_bottom=&#8221;100&#8243; section_id=&#8221;cover&#8221; sidebar=&#8221;sidebar-1&#8243;][vc_column][mk_image src=&#8221;https:\/\/conceptinvestimentos.com\/portugues\/wp-content\/uploads\/2017\/09\/icon_white.png&#8221; image_size=&#8221;full&#8221; align=&#8221;center&#8221;][mk_divider style=&#8221;thin_solid&#8221; divider_width=&#8221;one_half&#8221; thin_single_color=&#8221;#0078c9&#8243; thickness=&#8221;2&#8243;][vc_custom_heading text=&#8221;A Concept&#8221; font_container=&#8221;tag:div|font_size:45px|text_align:center|color:%23ffffff|line_height:55px&#8221; google_fonts=&#8221;font_family:Crimson%20Text%3Aregular%2Citalic%2C600%2C600italic%2C700%2C700italic|font_style:400%20regular%3A400%3Anormal&#8221;][mk_divider style=&#8221;thin_solid&#8221; divider_width=&#8221;one_half&#8221; thin_single_color=&#8221;#0078c9&#8243; thickness=&#8221;2&#8243;][vc_custom_heading text=&#8221;A Concept Investimentos \u00e9 uma empresa de private equity brasileira focada em auxiliar empreendedores no crescimento de seus neg\u00f3cios. Iniciamos nossa opera\u00e7\u00e3o em 2016 quando adquirimos [&hellip;]","og_url":"https:\/\/conceptinvestimentos.com\/portugues\/a-concept\/","og_site_name":"Concept Investimentos","article_modified_time":"2022-10-21T18:28:03+00:00","twitter_card":"summary","twitter_misc":{"Est. tempo de leitura":"2 minutos"},"schema":{"@context":"https:\/\/schema.org","@graph":[{"@type":"WebSite","@id":"https:\/\/conceptinvestimentos.com\/portugues\/#website","url":"https:\/\/conceptinvestimentos.com\/portugues\/","name":"Concept Investimentos","description":"","potentialAction":[{"@type":"SearchAction","target":{"@type":"EntryPoint","urlTemplate":"https:\/\/conceptinvestimentos.com\/portugues\/?s={search_term_string}"},"query-input":"required name=search_term_string"}],"inLanguage":"pt-BR"},{"@type":"WebPage","@id":"https:\/\/conceptinvestimentos.com\/portugues\/a-concept\/","url":"https:\/\/conceptinvestimentos.com\/portugues\/a-concept\/","name":"A Concept - Concept Investimentos","isPartOf":{"@id":"https:\/\/conceptinvestimentos.com\/portugues\/#website"},"datePublished":"2017-09-23T06:33:35+00:00","dateModified":"2022-10-21T18:28:03+00:00","breadcrumb":{"@id":"https:\/\/conceptinvestimentos.com\/portugues\/a-concept\/#breadcrumb"},"inLanguage":"pt-BR","potentialAction":[{"@type":"ReadAction","target":["https:\/\/conceptinvestimentos.com\/portugues\/a-concept\/"]}]},{"@type":"BreadcrumbList","@id":"https:\/\/conceptinvestimentos.com\/portugues\/a-concept\/#breadcrumb","itemListElement":[{"@type":"ListItem","position":1,"name":"Home","item":"https:\/\/conceptinvestimentos.com\/portugues\/"},{"@type":"ListItem","position":2,"name":"A Concept"}]}]}},"_links":{"self":[{"href":"https:\/\/conceptinvestimentos.com\/portugues\/wp-json\/wp\/v2\/pages\/359"}],"collection":[{"href":"https:\/\/conceptinvestimentos.com\/portugues\/wp-json\/wp\/v2\/pages"}],"about":[{"href":"https:\/\/conceptinvestimentos.com\/portugues\/wp-json\/wp\/v2\/types\/page"}],"author":[{"embeddable":true,"href":"https:\/\/conceptinvestimentos.com\/portugues\/wp-json\/wp\/v2\/users\/1"}],"replies":[{"embeddable":true,"href":"https:\/\/conceptinvestimentos.com\/portugues\/wp-json\/wp\/v2\/comments?post=359"}],"version-history":[{"count":64,"href":"https:\/\/conceptinvestimentos.com\/portugues\/wp-json\/wp\/v2\/pages\/359\/revisions"}],"predecessor-version":[{"id":985,"href":"https:\/\/conceptinvestimentos.com\/portugues\/wp-json\/wp\/v2\/pages\/359\/revisions\/985"}],"wp:attachment":[{"href":"https:\/\/conceptinvestimentos.com\/portugues\/wp-json\/wp\/v2\/media?parent=359"}],"curies":[{"name":"wp","href":"https:\/\/api.w.org\/{rel}","templated":true}]}}